{"id":22659,"date":"2024-06-04T14:01:39","date_gmt":"2024-06-04T12:01:39","guid":{"rendered":"http:\/\/tyr\/miloamerge\/?page_id=22659"},"modified":"2024-07-12T18:07:06","modified_gmt":"2024-07-12T16:07:06","slug":"miloa-maezenatentum","status":"publish","type":"page","link":"https:\/\/miloa.eu\/de\/miloa-maezenatentum\/","title":{"rendered":"<span class=\"miloa-maezenatentum\">MILOA M\u00c4ZENATENTUM<\/span>"},"content":{"rendered":"<h3>Seit meiner Kindheit helfe ich Tieren und k\u00fcmmere mich um sie. <\/h3>\n<p>Als ich 4 Jahre alt war, f\u00fctterte ich bereits die aus dem Nest gefallenen Vogelbabys und bereitete mit meinem Gro\u00dfvater Energiemischungen zu, damit alle V\u00f6gel, die seinen Garten besuchten, den Schrecken des Winters trotzen konnten. Wir machten regelm\u00e4\u00dfig einen Spaziergang, bei dem wir Pferde, Ziegen, Schafe, Katzen und Hunde des Dorfes begr\u00fc\u00dften und streichelten. <\/p>\n<h3>Ich h\u00e4tte mir nie vorstellen k\u00f6nnen, fern von Tieren zu leben, egal ob sie Federn, Schuppen oder Fell haben.<\/h3>\n<p>Noch heute habe ich die Freude, mein Leben mit 2 Schildkr\u00f6ten, 6 H\u00fchnern, 11 Enten, 2 Kanarienv\u00f6geln, 2 Mandarinen, 1 Hund, 6 Katzen und 1 Pferd zu teilen.<\/p>\n<p>Ich habe Miloa gegr\u00fcndet, um so vielen Tieren wie m\u00f6glich zu helfen, indem ich ihnen mit den von mir entwickelten Miloa-Produkten nat\u00fcrliche und wirksame L\u00f6sungen versorge oder indem ich Vereine und Tierheime in Belgien, Frankreich, Costa Rica, Kenia und auf der ganzen Welt finanziere. Andere Menschen wie ich widmen ihr Leben dem Tierschutz. Es ist mir wichtig, sie Ihnen vorzustellen.<\/p>\n<p><span class=\"mil_bold\">Unterst\u00fctzen Sie sie; sie brauchen Sie, um andere Seelen in Not zu retten.<\/span><\/p>\n<p>Auch das Ungl\u00fcck von Kindern in Not und Schwierigkeiten kann mir nicht gleichg\u00fcltig gegen\u00fcberstehen. Miloa unterst\u00fctzt finanziell zwei Waisenh\u00e4user in Kenia und erm\u00f6glicht sehr benachteiligten Kindern in Belgien den Besuch von Naturcamps und entspannenden Aktivit\u00e4ten.<\/p>\n","protected":false},"excerpt":{"rendered":"<p>Seit meiner Kindheit helfe ich Tieren und k\u00fcmmere mich um sie. Als ich 4 Jahre alt war, f\u00fctterte ich bereits die aus dem Nest gefallenen Vogelbabys und bereitete mit meinem Gro\u00dfvater Energiemischungen zu, damit alle V\u00f6gel, die seinen Garten besuchten, den Schrecken des Winters trotzen konnten. Wir machten regelm\u00e4\u00dfig einen Spaziergang, bei dem wir Pferde,&hellip;<\/p>\n","protected":false},"author":9,"featured_media":0,"parent":0,"menu_order":0,"comment_status":"closed","ping_status":"closed","template":"page-mecenat.php","meta":{"_acf_changed":false,"_relevanssi_hide_post":"","_relevanssi_pin_for_all":"","_relevanssi_pin_keywords":"","_relevanssi_unpin_keywords":"","_relevanssi_related_keywords":"","_relevanssi_related_include_ids":"","_relevanssi_related_exclude_ids":"","_relevanssi_related_no_append":"","_relevanssi_related_not_related":"","_relevanssi_related_posts":"","_relevanssi_noindex_reason":"","footnotes":""},"class_list":["post-22659","page","type-page","status-publish","hentry"],"acf":[],"_links":{"self":[{"href":"https:\/\/miloa.eu\/de\/wp-json\/wp\/v2\/pages\/22659","targetHints":{"allow":["GET"]}}],"collection":[{"href":"https:\/\/miloa.eu\/de\/wp-json\/wp\/v2\/pages"}],"about":[{"href":"https:\/\/miloa.eu\/de\/wp-json\/wp\/v2\/types\/page"}],"author":[{"embeddable":true,"href":"https:\/\/miloa.eu\/de\/wp-json\/wp\/v2\/users\/9"}],"replies":[{"embeddable":true,"href":"https:\/\/miloa.eu\/de\/wp-json\/wp\/v2\/comments?post=22659"}],"version-history":[{"count":0,"href":"https:\/\/miloa.eu\/de\/wp-json\/wp\/v2\/pages\/22659\/revisions"}],"wp:attachment":[{"href":"https:\/\/miloa.eu\/de\/wp-json\/wp\/v2\/media?parent=22659"}],"curies":[{"name":"wp","href":"https:\/\/api.w.org\/{rel}","templated":true}]}}