{"id":5222,"date":"2017-06-05T22:50:26","date_gmt":"2017-06-05T20:50:26","guid":{"rendered":"http:\/\/tyr\/miloamerge\/erganzungsfuttermittel\/"},"modified":"2025-02-13T12:11:21","modified_gmt":"2025-02-13T11:11:21","slug":"nahrungergaenzungsmittel","status":"publish","type":"page","link":"https:\/\/miloa.eu\/de\/nahrungergaenzungsmittel\/","title":{"rendered":"<span class=\"nahrungergaenzungsmittel\">Nahrungerg\u00e4nzungsmittel<\/span>"},"content":{"rendered":"<p>Die Nahrungerg\u00e4nzungsmittel-Produktreihe der Firma Miloa bietet L\u00f6sungen zur Bek\u00e4mpfung von Osteoartikularbeschwerden, Senilit\u00e4t, Angstzust\u00e4nden und zur Verbesserung der Gesundheit Ihrer Begleiter bei Verdauungs-, Leber-, Herz- und Nierenerkrankungen, aber auch zur Unterst\u00fctzung der Genesung, oder bei k\u00f6rperlichen Anstrengungen.<\/p>\n<p>Jede Tablette enth\u00e4lt eine gro\u00dfe Anzahl an nat\u00fcrlichen Wirkstoffen, die ohne Nebenwirkungen synergistisch zusammenwirken.<\/p>\n<p><span class=\"mil_bold\">Die Appetenz steht im Mittelpunkt unserer Anliegen<\/span>. Wir verwenden Fischmehl ausschlie\u00dflich aus vern\u00fcnftigen Fischereien f\u00fcr den menschlichen Verzehr. Dieses Mehl ist reich an Protein, da wir Filets verwenden. Schlachthof-  oder B\u00e4ckereiabf\u00e4lle werden nicht verwendet: weder Schweinefleisch, Gluten, Milch, Gefl\u00fcgel, Eier, Soja, Milchprodukte noch Salz. Es ist DIE ideale L\u00f6sung f\u00fcr empfindliche Tiere.<\/p>\n<p>Alle Tabletten sind in vier <span class=\"mil_bold\">teilbar, br\u00f6ckelig und por\u00f6s<\/span>. Sie br\u00f6ckeln leicht. Sie mischen sich zB mit G\u00e4nsefett, Aufstrichk\u00e4se, Frischfutterpackungen, Kochs\u00e4ften, Fischfilets, Hackfleisch, Pasteten usw.<\/p>\n","protected":false},"excerpt":{"rendered":"<p>Die Nahrungerg\u00e4nzungsmittel-Produktreihe der Firma Miloa bietet L\u00f6sungen zur Bek\u00e4mpfung von Osteoartikularbeschwerden, Senilit\u00e4t, Angstzust\u00e4nden und zur Verbesserung der Gesundheit Ihrer Begleiter bei Verdauungs-, Leber-, Herz- und Nierenerkrankungen, aber auch zur Unterst\u00fctzung der Genesung, oder bei k\u00f6rperlichen Anstrengungen. Jede Tablette enth\u00e4lt eine gro\u00dfe Anzahl an nat\u00fcrlichen Wirkstoffen, die ohne Nebenwirkungen synergistisch zusammenwirken. Die Appetenz steht im Mittelpunkt&hellip;<\/p>\n","protected":false},"author":1,"featured_media":0,"parent":0,"menu_order":0,"comment_status":"closed","ping_status":"closed","template":"page-product-supplements.php","meta":{"_acf_changed":false,"_relevanssi_hide_post":"","_relevanssi_pin_for_all":"","_relevanssi_pin_keywords":"","_relevanssi_unpin_keywords":"","_relevanssi_related_keywords":"","_relevanssi_related_include_ids":"","_relevanssi_related_exclude_ids":"","_relevanssi_related_no_append":"","_relevanssi_related_not_related":"","_relevanssi_related_posts":"","_relevanssi_noindex_reason":"","footnotes":""},"class_list":["post-5222","page","type-page","status-publish","hentry"],"acf":[],"_links":{"self":[{"href":"https:\/\/miloa.eu\/de\/wp-json\/wp\/v2\/pages\/5222","targetHints":{"allow":["GET"]}}],"collection":[{"href":"https:\/\/miloa.eu\/de\/wp-json\/wp\/v2\/pages"}],"about":[{"href":"https:\/\/miloa.eu\/de\/wp-json\/wp\/v2\/types\/page"}],"author":[{"embeddable":true,"href":"https:\/\/miloa.eu\/de\/wp-json\/wp\/v2\/users\/1"}],"replies":[{"embeddable":true,"href":"https:\/\/miloa.eu\/de\/wp-json\/wp\/v2\/comments?post=5222"}],"version-history":[{"count":0,"href":"https:\/\/miloa.eu\/de\/wp-json\/wp\/v2\/pages\/5222\/revisions"}],"wp:attachment":[{"href":"https:\/\/miloa.eu\/de\/wp-json\/wp\/v2\/media?parent=5222"}],"curies":[{"name":"wp","href":"https:\/\/api.w.org\/{rel}","templated":true}]}}