{"id":5230,"date":"2017-06-13T13:54:20","date_gmt":"2017-06-13T11:54:20","guid":{"rendered":"http:\/\/tyr\/miloamerge\/shampoos\/"},"modified":"2022-02-20T22:10:00","modified_gmt":"2022-02-20T21:10:00","slug":"shampoos-de","status":"publish","type":"page","link":"https:\/\/miloa.eu\/de\/shampoos-de\/","title":{"rendered":"<span class=\"shampoos\">Shampoos<\/span>"},"content":{"rendered":"<p>Miloa Shampoos sind hoch konzentriert und beinhalten kein Laurylethersulfat und kein Paraben. Es gen\u00fcgt, wenn nur sehr wenig davon angewendet wird. Wir empfehlen, sie mit Wasser zu verd\u00fcnnen, um eine gleichm\u00e4\u00dfige Auftragung \u00fcber das gesamte Fell zu erm\u00f6glichen. <\/p>\n<p>Sie riechen gut, sch\u00e4umen stark und tragen zu einem gl\u00e4nzenden und weichen Fell bei. Sie k\u00f6nnen sogar jeden Tag sicher verwendet werden.<\/p>\n","protected":false},"excerpt":{"rendered":"<p>Miloa Shampoos sind hoch konzentriert und beinhalten kein Laurylethersulfat und kein Paraben. Es gen\u00fcgt, wenn nur sehr wenig davon angewendet wird. Wir empfehlen, sie mit Wasser zu verd\u00fcnnen, um eine gleichm\u00e4\u00dfige Auftragung \u00fcber das gesamte Fell zu erm\u00f6glichen. Sie riechen gut, sch\u00e4umen stark und tragen zu einem gl\u00e4nzenden und weichen Fell bei. Sie k\u00f6nnen sogar&hellip;<\/p>\n","protected":false},"author":1,"featured_media":0,"parent":0,"menu_order":0,"comment_status":"closed","ping_status":"closed","template":"page-productrange.php","meta":{"_acf_changed":false,"_relevanssi_hide_post":"","_relevanssi_pin_for_all":"","_relevanssi_pin_keywords":"","_relevanssi_unpin_keywords":"","_relevanssi_related_keywords":"","_relevanssi_related_include_ids":"","_relevanssi_related_exclude_ids":"","_relevanssi_related_no_append":"","_relevanssi_related_not_related":"","_relevanssi_related_posts":"","_relevanssi_noindex_reason":"","footnotes":""},"class_list":["post-5230","page","type-page","status-publish","hentry"],"acf":[],"_links":{"self":[{"href":"https:\/\/miloa.eu\/de\/wp-json\/wp\/v2\/pages\/5230","targetHints":{"allow":["GET"]}}],"collection":[{"href":"https:\/\/miloa.eu\/de\/wp-json\/wp\/v2\/pages"}],"about":[{"href":"https:\/\/miloa.eu\/de\/wp-json\/wp\/v2\/types\/page"}],"author":[{"embeddable":true,"href":"https:\/\/miloa.eu\/de\/wp-json\/wp\/v2\/users\/1"}],"replies":[{"embeddable":true,"href":"https:\/\/miloa.eu\/de\/wp-json\/wp\/v2\/comments?post=5230"}],"version-history":[{"count":0,"href":"https:\/\/miloa.eu\/de\/wp-json\/wp\/v2\/pages\/5230\/revisions"}],"wp:attachment":[{"href":"https:\/\/miloa.eu\/de\/wp-json\/wp\/v2\/media?parent=5230"}],"curies":[{"name":"wp","href":"https:\/\/api.w.org\/{rel}","templated":true}]}}