{"id":5238,"date":"2017-06-14T16:56:00","date_gmt":"2017-06-14T14:56:00","guid":{"rendered":"http:\/\/tyr\/miloamerge\/atherische-ole\/"},"modified":"2024-09-19T16:27:48","modified_gmt":"2024-09-19T14:27:48","slug":"atherische-ole","status":"publish","type":"page","link":"https:\/\/miloa.eu\/de\/atherische-ole\/","title":{"rendered":"<span class=\"aetherische-oele\">\u00c4therische \u00d6le<\/span>"},"content":{"rendered":"<p>Miloa bietet Ihnen ausgewogene synergistische Zusammensetzungen aus \u00e4therischen \u00d6len, die f\u00fcr Tiere geeignet und sicher in der Anwendung sind. Die Zusammensetzungen fetten nicht und hinterlassen keine Flecken, au\u00dfer Flex Miloa<sup>TM<\/sup> mit S\u00fc\u00dfmandel\u00f6l.<\/p>\n<h3>Vorsichtsma\u00dfnahmen f\u00fcr \u00e4therische \u00d6le:<\/h3>\n<ul style=\"color: #d61163;\">\n<li style=\"text-align: justify;\"><span style=\"color: #5f6062;\">Von Flammen und W\u00e4rmequellen fernhalten. Die Zusammensetzungen sind brennbar&#8239;;<\/span><\/li>\n<li style=\"text-align: justify;\"><span style=\"color: #5f6062;\">Niemals in die Augen spr\u00fchen&#8239;;<\/span><\/li>\n<li style=\"text-align: justify;\"><span style=\"color: #5f6062;\">Nicht durch schwangere Frauen oder Kindern unter 5 Jahren zu handhaben&#8239;;<\/span><\/li>\n<li style=\"text-align: justify;\"><span style=\"color: #5f6062;\">Nicht bei Asthmatikern, Leberfunktionsgest\u00f6rten oder an Niereninsuffizienz-leidenden verwenden.<\/span><\/li>\n<\/ul>\n","protected":false},"excerpt":{"rendered":"<p>Miloa bietet Ihnen ausgewogene synergistische Zusammensetzungen aus \u00e4therischen \u00d6len, die f\u00fcr Tiere geeignet und sicher in der Anwendung sind. Die Zusammensetzungen fetten nicht und hinterlassen keine Flecken, au\u00dfer Flex MiloaTM mit S\u00fc\u00dfmandel\u00f6l. Vorsichtsma\u00dfnahmen f\u00fcr \u00e4therische \u00d6le: Von Flammen und W\u00e4rmequellen fernhalten. Die Zusammensetzungen sind brennbar&#8239;; Niemals in die Augen spr\u00fchen&#8239;; Nicht durch schwangere Frauen oder&hellip;<\/p>\n","protected":false},"author":1,"featured_media":0,"parent":0,"menu_order":0,"comment_status":"closed","ping_status":"closed","template":"page-product-essential-oils.php","meta":{"_acf_changed":false,"_relevanssi_hide_post":"","_relevanssi_pin_for_all":"","_relevanssi_pin_keywords":"","_relevanssi_unpin_keywords":"","_relevanssi_related_keywords":"","_relevanssi_related_include_ids":"","_relevanssi_related_exclude_ids":"","_relevanssi_related_no_append":"","_relevanssi_related_not_related":"","_relevanssi_related_posts":"","_relevanssi_noindex_reason":"","footnotes":""},"class_list":["post-5238","page","type-page","status-publish","hentry"],"acf":[],"_links":{"self":[{"href":"https:\/\/miloa.eu\/de\/wp-json\/wp\/v2\/pages\/5238","targetHints":{"allow":["GET"]}}],"collection":[{"href":"https:\/\/miloa.eu\/de\/wp-json\/wp\/v2\/pages"}],"about":[{"href":"https:\/\/miloa.eu\/de\/wp-json\/wp\/v2\/types\/page"}],"author":[{"embeddable":true,"href":"https:\/\/miloa.eu\/de\/wp-json\/wp\/v2\/users\/1"}],"replies":[{"embeddable":true,"href":"https:\/\/miloa.eu\/de\/wp-json\/wp\/v2\/comments?post=5238"}],"version-history":[{"count":0,"href":"https:\/\/miloa.eu\/de\/wp-json\/wp\/v2\/pages\/5238\/revisions"}],"wp:attachment":[{"href":"https:\/\/miloa.eu\/de\/wp-json\/wp\/v2\/media?parent=5238"}],"curies":[{"name":"wp","href":"https:\/\/api.w.org\/{rel}","templated":true}]}}