{"id":5254,"date":"2019-08-03T13:46:07","date_gmt":"2019-08-03T11:46:07","guid":{"rendered":"http:\/\/tyr\/miloamerge\/pflanzen\/"},"modified":"2022-02-27T10:30:19","modified_gmt":"2022-02-27T09:30:19","slug":"pflanzen","status":"publish","type":"page","link":"https:\/\/miloa.eu\/de\/pflanzen\/","title":{"rendered":"<span class=\"pflanzen\">Pflanzen<\/span>"},"content":{"rendered":"<p>Das Glossar verwendet die Kennkarte der von Miloa verwendeten Pflanzen. Wir pr\u00e4sentieren Ihnen die Haupteigenschaften der von uns verwendeten Pflanzen und erkl\u00e4ren deren Hauptwirkungen, Arbeitsweise im K\u00f6rper und pr\u00e4sentieren einige Ergebnisse von wissenschaftlichen Studien, die in weltbekannten Fachzeitschriften ver\u00f6ffentlicht wurden.<\/p>\n","protected":false},"excerpt":{"rendered":"<p>Das Glossar verwendet die Kennkarte der von Miloa verwendeten Pflanzen. Wir pr\u00e4sentieren Ihnen die Haupteigenschaften der von uns verwendeten Pflanzen und erkl\u00e4ren deren Hauptwirkungen, Arbeitsweise im K\u00f6rper und pr\u00e4sentieren einige Ergebnisse von wissenschaftlichen Studien, die in weltbekannten Fachzeitschriften ver\u00f6ffentlicht wurden.<\/p>\n","protected":false},"author":3,"featured_media":0,"parent":0,"menu_order":0,"comment_status":"closed","ping_status":"closed","template":"page-plants.php","meta":{"_acf_changed":false,"_relevanssi_hide_post":"","_relevanssi_pin_for_all":"","_relevanssi_pin_keywords":"","_relevanssi_unpin_keywords":"","_relevanssi_related_keywords":"","_relevanssi_related_include_ids":"","_relevanssi_related_exclude_ids":"","_relevanssi_related_no_append":"","_relevanssi_related_not_related":"","_relevanssi_related_posts":"","_relevanssi_noindex_reason":"","footnotes":""},"class_list":["post-5254","page","type-page","status-publish","hentry"],"acf":[],"_links":{"self":[{"href":"https:\/\/miloa.eu\/de\/wp-json\/wp\/v2\/pages\/5254","targetHints":{"allow":["GET"]}}],"collection":[{"href":"https:\/\/miloa.eu\/de\/wp-json\/wp\/v2\/pages"}],"about":[{"href":"https:\/\/miloa.eu\/de\/wp-json\/wp\/v2\/types\/page"}],"author":[{"embeddable":true,"href":"https:\/\/miloa.eu\/de\/wp-json\/wp\/v2\/users\/3"}],"replies":[{"embeddable":true,"href":"https:\/\/miloa.eu\/de\/wp-json\/wp\/v2\/comments?post=5254"}],"version-history":[{"count":0,"href":"https:\/\/miloa.eu\/de\/wp-json\/wp\/v2\/pages\/5254\/revisions"}],"wp:attachment":[{"href":"https:\/\/miloa.eu\/de\/wp-json\/wp\/v2\/media?parent=5254"}],"curies":[{"name":"wp","href":"https:\/\/api.w.org\/{rel}","templated":true}]}}