{"id":5258,"date":"2019-08-04T09:49:20","date_gmt":"2019-08-04T07:49:20","guid":{"rendered":"http:\/\/tyr\/miloamerge\/krankheiten\/"},"modified":"2022-03-28T23:53:09","modified_gmt":"2022-03-28T21:53:09","slug":"krankheiten","status":"publish","type":"page","link":"https:\/\/miloa.eu\/de\/krankheiten\/","title":{"rendered":"<span class=\"krankheiten\">Krankheiten<\/span>"},"content":{"rendered":"<p>Die MILOA Produkte sind darauf ausgerichtet Ihren Haustieren zu helfen, auf nat\u00fcrliche Weise Krankheiten zu bek\u00e4mpfen.<\/p>\n<p>Dieser Teil unserer Website erkl\u00e4rt den Verlauf der h\u00e4ufigsten medizinischen Untersuchungen und deren N\u00fctzlichkeit. Wir stellen auch einige Krankheiten vor, unter denen Haustiere leiden k\u00f6nnen und bei denen die wirkungsvollen L\u00f6sungen von MILOA interessant sind und den Haustieren eine echte Verbesserung des Gesundheitszustandes vermitteln. Beschrieben werden ebenfalls bestimmte Verhaltensweisen oder Phasen im Leben Ihrer Gef\u00e4hrten. Viel Spa\u00df beim Lesen.<\/p>\n","protected":false},"excerpt":{"rendered":"<p>Die MILOA Produkte sind darauf ausgerichtet Ihren Haustieren zu helfen, auf nat\u00fcrliche Weise Krankheiten zu bek\u00e4mpfen. Dieser Teil unserer Website erkl\u00e4rt den Verlauf der h\u00e4ufigsten medizinischen Untersuchungen und deren N\u00fctzlichkeit. Wir stellen auch einige Krankheiten vor, unter denen Haustiere leiden k\u00f6nnen und bei denen die wirkungsvollen L\u00f6sungen von MILOA interessant sind und den Haustieren eine&hellip;<\/p>\n","protected":false},"author":3,"featured_media":0,"parent":0,"menu_order":0,"comment_status":"closed","ping_status":"closed","template":"page-diseases.php","meta":{"_acf_changed":false,"_relevanssi_hide_post":"","_relevanssi_pin_for_all":"","_relevanssi_pin_keywords":"","_relevanssi_unpin_keywords":"","_relevanssi_related_keywords":"","_relevanssi_related_include_ids":"","_relevanssi_related_exclude_ids":"","_relevanssi_related_no_append":"","_relevanssi_related_not_related":"","_relevanssi_related_posts":"","_relevanssi_noindex_reason":"","footnotes":""},"class_list":["post-5258","page","type-page","status-publish","hentry"],"acf":[],"_links":{"self":[{"href":"https:\/\/miloa.eu\/de\/wp-json\/wp\/v2\/pages\/5258","targetHints":{"allow":["GET"]}}],"collection":[{"href":"https:\/\/miloa.eu\/de\/wp-json\/wp\/v2\/pages"}],"about":[{"href":"https:\/\/miloa.eu\/de\/wp-json\/wp\/v2\/types\/page"}],"author":[{"embeddable":true,"href":"https:\/\/miloa.eu\/de\/wp-json\/wp\/v2\/users\/3"}],"replies":[{"embeddable":true,"href":"https:\/\/miloa.eu\/de\/wp-json\/wp\/v2\/comments?post=5258"}],"version-history":[{"count":0,"href":"https:\/\/miloa.eu\/de\/wp-json\/wp\/v2\/pages\/5258\/revisions"}],"wp:attachment":[{"href":"https:\/\/miloa.eu\/de\/wp-json\/wp\/v2\/media?parent=5258"}],"curies":[{"name":"wp","href":"https:\/\/api.w.org\/{rel}","templated":true}]}}