{"id":5270,"date":"2019-11-14T13:47:39","date_gmt":"2019-11-14T12:47:39","guid":{"rendered":"http:\/\/tyr\/miloamerge\/datenschutz-erklarung\/"},"modified":"2024-09-24T14:16:46","modified_gmt":"2024-09-24T12:16:46","slug":"datenschutz-erklarung","status":"publish","type":"page","link":"https:\/\/miloa.eu\/de\/datenschutz-erklarung\/","title":{"rendered":"<span class=\"rechtliche-hinweise-und-datenschutz\">RECHTLICHE HINWEISE UND DATENSCHUTZ<\/span>"},"content":{"rendered":"<h3><span style=\"color: #d61163;\">1. Eigentum der Website<\/span><\/h3>\n<p>Diese Website ist Eigentum der Firma <span class=\"mil_bold\">MILOA SRL<\/span> mit Sitz und Postanschrift: R\u00e9sidence Bois Madame 7 <span style=\"color: #d61163;\">|<\/span> 4130 ESNEUX <span style=\"color: #d61163;\">|<\/span> Belgien, eingetragen im Handelsregister unter der Nummer 0833.813.483. Innergemeinschaftliche Mehrwertsteuernummer: BE0833.813.483.<\/p>\n<h3><span style=\"color: #d61163;\">2. Verantwortlicher f\u00fcr die Herausgebung<\/span><\/h3>\n<p>Die Leiterin f\u00fcr Ver\u00f6ffentlichungen ist Frau <span class=\"mil_bold\">Madame Estelle LHO\u00cbST<\/span>, Gesch\u00e4ftsf\u00fchrerin der Firma <span class=\"mil_bold\">MILOA SRL<\/span>.<br \/>\nTelefon: +32 4 355 29 41 <span style=\"color: #d61163;\">|<\/span> E-Mail: <a href=\"mailto:info@miloa.eu\"> info@miloa.eu<\/a><\/p>\n<h3><span style=\"color: #d61163;\">3. Site-Hosting<\/span><\/h3>\n<p>Die Website wird von der Firma OVH gehostet <span style=\"color: #d61163;\">|<\/span> SAS au capital de 10 174 560 \u20ac <span style=\"color: #d61163;\">|<\/span> Inscrite au RCS de Lille M\u00e9tropole 424 761 419 00045 <span style=\"color: #d61163;\">|<\/span> Hauptsitz: 2 rue Kellermann &#8211; 59100 ROUBAIX &#8211; Frankreich<\/p>\n<h3><span style=\"color: #d61163;\">4. Geistiges Eigentum<\/span><\/h3>\n<p>Die vollst\u00e4ndige oder teilweise Vervielf\u00e4ltigung oder Darstellung der Marken, Texte, Illustrationen, Grafiken, Logos, Seiten, Daten und anderer Bestandteile der Website durch ein beliebiges Verfahren oder Medium ist untersagt und wird, ohne Genehmigung des Herausgebers, als Nachahmung angesehen.<\/p>\n<h3><span style=\"color: #d61163;\">5. Datenschutz<\/span><\/h3>\n<p>F\u00fcr die Verarbeitung der auf der <span class=\"mil_bold\">MILOA SRL<\/span>-Website erhobenen Daten ist die Firma MILOA verantwortlich. Bei Ihren personenbezogenen Daten handelt es sich um vertrauliche Daten, denen wir besondere Aufmerksamkeit widmen.<\/p>\n<p>Unter personenbezogenen Daten werden alle pers\u00f6nlichen Informationen verstanden, die eine Identifizierung Ihrer Person erm\u00f6glichen, insbesondere: Name, Vorname, E-Mail-Adresse, Telefonnummer, verwendete Sprache, IP-Adresse, Browsertyp, konsultierte Produkte.<\/p>\n<p>Wir erfassen m\u00f6glicherweise automatisch bestimmte Informationen, wenn Sie auf der Website surfen. In den folgenden F\u00e4llen kann es auch erforderlich sein, dass wir Informationen einschlie\u00dflich personenbezogener Daten erfassen:<\/p>\n<ul style=\"color: #d61163;\">\n<li style=\"text-align: left;\"><span style=\"color: #5f6062;\">Wenn Sie uns kontaktieren;<\/span><\/li>\n<li style=\"text-align: left;\"><span style=\"color: #5f6062;\">Wenn Sie mit uns in sozialen Medien interagieren;<\/span><\/li>\n<li style=\"text-align: left;\"><span style=\"color: #5f6062;\">Wenn wir Kommunikationskampagnen durchf\u00fchren.<\/span><\/li>\n<\/ul>\n<p>Diese Informationen dienen ausschlie\u00dflich internen Zwecken. In jedem Fall k\u00f6nnen Sie die Bereitstellung Ihrer personenbezogenen Daten verweigern. In diesem Fall ist es Ihnen nicht m\u00f6glich, mit uns Kontakt aufzunehmen oder Informationen anzufordern. Ihre personenbezogenen Daten werden niemals an Dritte weitergegeben oder weiterverkauft.<\/p>\n<p>Ihre personenbezogenen Daten k\u00f6nnen in Anwendung eines Gesetzes, einer Verordnung, einer Entscheidung einer Regulierungs- oder Justizbeh\u00f6rde und gegebenenfalls zur Wahrung der Rechte und Interessen der Firma MILOA weitergeleitet werden.<\/p>\n<p>Ihre personenbezogenen Daten werden in einer intern verwalteten Personendatenbank gespeichert. Sie werden von der Firma MILOA f\u00fcr einen begrenzten Zeitraum aufbewahrt, der die f\u00fcr die Zwecke, f\u00fcr die sie erfasst wurden, erforderliche Dauer nicht \u00fcberschreitet.<\/p>\n<h3><span style=\"color: #d61163;\">6. Zwecke der Verarbeitung<\/span><\/h3>\n<p>Ihre personenbezogenen Daten k\u00f6nnen von der Firma MILOA f\u00fcr explizite, legitime und festgelegte Zwecke erfasst werden, um Folgendes sicherzustellen:<\/p>\n<ul style=\"color: #d61163;\">\n<li style=\"text-align: left;\"><span style=\"color: #5f6062;\">Das ordnungsgem\u00e4\u00dfe Funktionieren und die kontinuierliche Verbesserung der Webseite, dessen Dienste und Funktionalit\u00e4ten;<\/span><\/li>\n<li style=\"text-align: left;\"><span style=\"color: #5f6062;\">Das Verwalten Ihrer Bestellungen;<\/span><\/li>\n<li style=\"text-align: left;\"><span style=\"color: #5f6062;\">Das Verwalten von Antr\u00e4gen auf Zugang, Berichtigung und Widerspruch, L\u00f6schung, Einschr\u00e4nkung, \u00dcbertragbarkeit, das Recht auf digitalen Tod und das Recht, eine Beschwerde bei der CNIL einzureichen;<\/span><\/li>\n<li style=\"text-align: left;\"><span style=\"color: #5f6062;\">Entwicklung von Handelsstatistiken.<\/span><\/li>\n<\/ul>\n<p>In jedem Fall und f\u00fcr jeden definierten Zweck wird die Firma MILOA alle ihr zur Verf\u00fcgung stehenden Mittel einsetzen, um die Sicherheit und Vertraulichkeit der ihr anvertrauten personenbezogenen Daten unter Einhaltung der geltenden Gesetze und Vorschriften zu gew\u00e4hrleisten.<\/p>\n<h3><span style=\"color: #d61163;\">7. Ihre Rechte<\/span><\/h3>\n<p>Gem\u00e4\u00df dem Datenschutzgesetz und der Europ\u00e4ischen Datenschutzverordnung (DSGVO) sowie dem Gesetz Nr. 2018-133 vom 26. Februar 2018 &#8222;\u00fcber verschiedene Bestimmungen zur Anpassung an das Recht der Europ\u00e4ischen Union im Bereich der Sicherheit&#8220;.<\/p>\n<p>haben Sie folgende Rechte:<\/p>\n<ul style=\"color: #d61163;\">\n<li style=\"text-align: left;\"><span style=\"color: #5f6062;\">Recht auf Auskunft (Art. 15 DSGVO), Berichtigung (Art. 16 DSGVO), Aktualisierung, Vollst\u00e4ndigkeit Ihrer Daten;<\/span><\/li>\n<li style=\"text-align: left;\"><span style=\"color: #5f6062;\">Recht auf Sperrung oder L\u00f6schung Ihrer personenbezogenen Daten (Artikel 17 DSGVO), wenn diese unrichtig, unvollst\u00e4ndig, mehrdeutig oder veraltet sind oder deren Erhebung, Nutzung, Weitergabe oder Speicherung unzul\u00e4ssig ist;<\/span><\/li>\n<li style=\"text-align: left;\"><span style=\"color: #5f6062;\">Recht auf jederzeitigen Widerruf Ihrer Einwilligung (Art. 13-2c DSGVO);<\/span><\/li>\n<li style=\"text-align: left;\"><span style=\"color: #5f6062;\">Recht auf Einschr\u00e4nkung der Verarbeitung Ihrer Daten (Artikel 18 DSGVO);<\/span><\/li>\n<li style=\"text-align: left;\"><span style=\"color: #5f6062;\">Recht auf Widerspruch gegen die Verarbeitung Ihrer Daten (Art. 21 DSGVO);<\/span><\/li>\n<li style=\"text-align: left;\"><span style=\"color: #5f6062;\">Recht auf \u00dcbertragbarkeit der von Ihnen bereitgestellten Daten, sofern Ihre Daten einer automatisierten Verarbeitung auf Grundlage Ihrer Einwilligung oder eines Vertrags unterliegen (Art. 20 DSGVO);<\/span><\/li>\n<li style=\"text-align: left;\"><span style=\"color: #5f6062;\">Recht, eine Beschwerde bei der CNIL der Commission Nationale de l&#8217;Informatique et des Libert\u00e9s (CNIL) einzureichen, der Aufsichtsbeh\u00f6rde, die f\u00fcr die Einhaltung der Verpflichtungen zum Schutz personenbezogener Daten zust\u00e4ndig ist (Artikel 77 DSGVO).<\/span><\/li>\n<\/ul>\n<p>Sie k\u00f6nnen diese Rechte jederzeit durch einfache Anfrage per E-Mail an die folgende Adresse <a href=\"mailto:info@miloa.eu\"> info@miloa.eu<\/a> oder per Post an <span class=\"mil_bold\">MILOA SRL<\/span> <span style=\"color: #d61163;\">|<\/span> R\u00e9sidence Bois Madame 7 <span style=\"color: #d61163;\">|<\/span> 4130 ESNEUX <span style=\"color: #d61163;\">|<\/span> Belgien unter Angabe Ihrer Kontaktdaten (Name, Vorname, Adresse und eine Kopie eines unterschriebenen Ausweises) und einen berechtigten Grund, wenn dies gesetzlich vorgeschrieben ist (insbesondere im Falle eines Widerspruchs gegen die Verarbeitung).<\/p>\n<p>Als Verantwortlicher f\u00fcr die m\u00f6glicherweise erhobenen Daten verpflichtet sich die Firma MILOA zur Einhaltung der geltenden gesetzlichen Bestimmungen. Sie verpflichtet sich, angemessene Ma\u00dfnahmen zu ergreifen, um die Richtigkeit und Relevanz der personenbezogenen Daten im Hinblick auf die Zwecke, f\u00fcr die sie verarbeitet werden, sicherzustellen.<\/p>\n<p>Die Firma MILOA verpflichtet sich, alle technischen und organisatorischen Ma\u00dfnahmen zu ergreifen, um die Sicherheit der Verarbeitung personenbezogener Daten und die Vertraulichkeit solcher Daten in Anwendung des Datenschutzgesetzes, der Europ\u00e4ischen Datenschutzverordnung (RGPD) und des Gesetzes Nr. 2018 zu gew\u00e4hrleisten -133 vom 26. Februar 2018 &#8222;\u00fcber verschiedene Bestimmungen zur Anpassung an das Recht der Europ\u00e4ischen Union im Bereich der Sicherheit&#8220;. <\/p>\n<p>Daher nutzt die Firma MILOA Schutztechnologien und trifft sie die notwendigen Vorkehrungen im Hinblick auf die Art dieser Daten und die mit derer Verarbeitung verbundenen Risiken, um die Datensicherheit zu gew\u00e4hrleisten.<\/p>\n<h3><span style=\"color: #d61163;\">8. Cookies<\/span><\/h3>\n<p>Der Benutzer wird dar\u00fcber informiert, dass beim Surfen auf der Website m\u00f6glicherweise Cookies in der Browsersoftware installiert werden. Cookies sind ein Datenblock, der den Benutzer nicht identifiziert, sondern lediglich dazu dient, Informationen \u00fcber die Navigation auf der Website aufzuzeichnen. Cookies werden von Ihrem Internetbrowser verwaltet.<\/p>\n<p>Ihr Zweck ist es:<\/p>\n<ul style=\"color: #d61163;\">\n<li style=\"text-align: left;\"><span style=\"color: #5f6062;\">die Funktionsweise der Website zu verbessern;<\/span><\/li>\n<li style=\"text-align: left;\"><span style=\"color: #5f6062;\">eine Bewertung des Publikums der Website zu erm\u00f6glichen.<\/span><\/li>\n<\/ul>\n<p>Sie haben jederzeit die M\u00f6glichkeit, die Verwendung dieser Cookies zu deaktivieren. Ihr Browser kann so konfiguriert werden, dass er Sie \u00fcber die installierten Cookies informiert und Sie auffordert, diese zu akzeptieren oder auch nicht.<\/p>\n<p>Daher haben Sie die Wahl, Cookies von Fall zu Fall zu akzeptieren oder abzulehnen oder sie auf die unter der folgenden Adresse <a href=\"https:\/\/www.cnil.fr\/fr\" rel=\"noopener noreferrer\" target=\"_blank\">www.cnil.fr<\/a> beschriebene Weise endg\u00fcltig abzulehnen.<\/p>\n<h3><span style=\"color: #d61163;\">9. Hypertext-Links<\/span><\/h3>\n<p>Die Website kann Hypertext-Links zu anderen Websites enthalten, die Eigentum Dritter sind oder von Dritten betrieben werden, \u00fcber die das die Firma MILOA keine Kontrolle hat und f\u00fcr die keine Haftung \u00fcbernommen werden kann.<\/p>\n<p>Die Erstellung von Hyperlinks zu unserer Website ist ohne vorherige schriftliche Zustimmung der Firma MILOA untersagt.<\/p>\n<h3><span style=\"color: #d61163;\">10. Anwendbares Recht und Gerichtsstand<\/span><\/h3>\n<p>F\u00fcr alle Streitigkeiten im Zusammenhang mit der Nutzung der MILOA-Website gilt belgisches Recht. Au\u00dfer in F\u00e4llen, in denen das Gesetz dies nicht zul\u00e4sst, liegt die ausschlie\u00dfliche Zust\u00e4ndigkeit bei den zust\u00e4ndigen Gerichten von L\u00fcttich.<\/p>\n","protected":false},"excerpt":{"rendered":"<p>1. Eigentum der Website Diese Website ist Eigentum der Firma MILOA SRL mit Sitz und Postanschrift: R\u00e9sidence Bois Madame 7 | 4130 ESNEUX | Belgien, eingetragen im Handelsregister unter der Nummer 0833.813.483. Innergemeinschaftliche Mehrwertsteuernummer: BE0833.813.483. 2. Verantwortlicher f\u00fcr die Herausgebung Die Leiterin f\u00fcr Ver\u00f6ffentlichungen ist Frau Madame Estelle LHO\u00cbST, Gesch\u00e4ftsf\u00fchrerin der Firma MILOA SRL. Telefon:&hellip;<\/p>\n","protected":false},"author":3,"featured_media":0,"parent":0,"menu_order":0,"comment_status":"closed","ping_status":"closed","template":"","meta":{"_acf_changed":false,"_relevanssi_hide_post":"","_relevanssi_pin_for_all":"","_relevanssi_pin_keywords":"","_relevanssi_unpin_keywords":"","_relevanssi_related_keywords":"","_relevanssi_related_include_ids":"","_relevanssi_related_exclude_ids":"","_relevanssi_related_no_append":"","_relevanssi_related_not_related":"","_relevanssi_related_posts":"","_relevanssi_noindex_reason":"","footnotes":""},"class_list":["post-5270","page","type-page","status-publish","hentry"],"acf":[],"_links":{"self":[{"href":"https:\/\/miloa.eu\/de\/wp-json\/wp\/v2\/pages\/5270","targetHints":{"allow":["GET"]}}],"collection":[{"href":"https:\/\/miloa.eu\/de\/wp-json\/wp\/v2\/pages"}],"about":[{"href":"https:\/\/miloa.eu\/de\/wp-json\/wp\/v2\/types\/page"}],"author":[{"embeddable":true,"href":"https:\/\/miloa.eu\/de\/wp-json\/wp\/v2\/users\/3"}],"replies":[{"embeddable":true,"href":"https:\/\/miloa.eu\/de\/wp-json\/wp\/v2\/comments?post=5270"}],"version-history":[{"count":0,"href":"https:\/\/miloa.eu\/de\/wp-json\/wp\/v2\/pages\/5270\/revisions"}],"wp:attachment":[{"href":"https:\/\/miloa.eu\/de\/wp-json\/wp\/v2\/media?parent=5270"}],"curies":[{"name":"wp","href":"https:\/\/api.w.org\/{rel}","templated":true}]}}