{"id":22661,"date":"2024-06-04T14:01:39","date_gmt":"2024-06-04T12:01:39","guid":{"rendered":"http:\/\/tyr\/miloamerge\/?page_id=22661"},"modified":"2024-11-15T13:41:10","modified_gmt":"2024-11-15T12:41:10","slug":"miloa-mecenatismo","status":"publish","type":"page","link":"https:\/\/miloa.eu\/it\/miloa-mecenatismo\/","title":{"rendered":"<span class=\"miloa-sponsorizzazioni\">Miloa sponsorizzazioni<\/span>"},"content":{"rendered":"<h3>Fin da bambina aiuto gli animali e mi prendo cura di loro.<\/h3>\n<p>All&#8217;et\u00e0 di 4 anni davo gi\u00e0 da mangiare agli uccellini caduti dal nido e preparavo miscele energetiche con mio nonno per permettere a tutti gli uccelli che frequentavano il suo giardino di affrontare gli orrori dell&#8217;inverno. Andavamo regolarmente a fare una passeggiata che consisteva nel salutare e coccolare i cavalli, le caprette, le pecore, i gatti e i cani del villaggio.<\/p>\n<h3>Non avrei mai immaginato di vivere lontano dagli animali, che fossero a piume, a squame o a pelo. <\/h3>\n<p>Ancora oggi, ho la gioia di condividere la mia vita con 2 tartarughe, 6 galline, 11 anatre, 2 canarini, 2 mandarini, 1 cane, 6 gatti e 1 cavallo.<\/p>\n<p>Ho fondato Miloa per sostenere e aiutare il maggior numero possibile di animali, sia fornendo loro soluzioni naturali ed efficaci con i prodotti Miloa che sviluppo, sia finanziando associazioni e rifugi in Belgio, Francia, Costa Rica, Kenya e in tutto il mondo dove altre persone come me dedicano la loro vita alla protezione e alla difesa degli animali. Per me \u00e8 importante presentarveli.<\/p>\n<p><span class=\"mil_bold\">Sosteneteli, hanno bisogno di voi per salvare altre anime in difficolt\u00e0.<\/span><\/p>\n<p>N\u00e9 posso rimanere indifferente di fronte alle disgrazie dei bambini in povert\u00e0 e in difficolt\u00e0. Miloa sostiene finanziariamente 2 orfanotrofi in Kenya e permette ai bambini molto svantaggiati in Belgio di partecipare a campi naturalistici e beneficiare di attivit\u00e0 rilassanti.<\/p>\n","protected":false},"excerpt":{"rendered":"<p>Fin da bambina aiuto gli animali e mi prendo cura di loro. All&#8217;et\u00e0 di 4 anni davo gi\u00e0 da mangiare agli uccellini caduti dal nido e preparavo miscele energetiche con mio nonno per permettere a tutti gli uccelli che frequentavano il suo giardino di affrontare gli orrori dell&#8217;inverno. Andavamo regolarmente a fare una passeggiata che&hellip;<\/p>\n","protected":false},"author":9,"featured_media":0,"parent":0,"menu_order":0,"comment_status":"closed","ping_status":"closed","template":"page-mecenat.php","meta":{"_acf_changed":false,"_relevanssi_hide_post":"","_relevanssi_pin_for_all":"","_relevanssi_pin_keywords":"","_relevanssi_unpin_keywords":"","_relevanssi_related_keywords":"","_relevanssi_related_include_ids":"","_relevanssi_related_exclude_ids":"","_relevanssi_related_no_append":"","_relevanssi_related_not_related":"","_relevanssi_related_posts":"","_relevanssi_noindex_reason":"","footnotes":""},"class_list":["post-22661","page","type-page","status-publish","hentry"],"acf":[],"_links":{"self":[{"href":"https:\/\/miloa.eu\/it\/wp-json\/wp\/v2\/pages\/22661","targetHints":{"allow":["GET"]}}],"collection":[{"href":"https:\/\/miloa.eu\/it\/wp-json\/wp\/v2\/pages"}],"about":[{"href":"https:\/\/miloa.eu\/it\/wp-json\/wp\/v2\/types\/page"}],"author":[{"embeddable":true,"href":"https:\/\/miloa.eu\/it\/wp-json\/wp\/v2\/users\/9"}],"replies":[{"embeddable":true,"href":"https:\/\/miloa.eu\/it\/wp-json\/wp\/v2\/comments?post=22661"}],"version-history":[{"count":0,"href":"https:\/\/miloa.eu\/it\/wp-json\/wp\/v2\/pages\/22661\/revisions"}],"wp:attachment":[{"href":"https:\/\/miloa.eu\/it\/wp-json\/wp\/v2\/media?parent=22661"}],"curies":[{"name":"wp","href":"https:\/\/api.w.org\/{rel}","templated":true}]}}