{"id":25911,"date":"2019-11-14T13:47:39","date_gmt":"2019-11-14T12:47:39","guid":{"rendered":"https:\/\/miloa.eu\/mentions-legales-et-protection-des-donnees\/"},"modified":"2024-09-24T14:34:48","modified_gmt":"2024-09-24T12:34:48","slug":"mentions-legales-et-protection-des-donnees","status":"publish","type":"page","link":"https:\/\/miloa.eu\/it\/mentions-legales-et-protection-des-donnees\/","title":{"rendered":"<span class=\"avviso-legale-e-protezione-dei-dati\">AVVISO LEGALE E PROTEZIONE DEI DATI<\/span>"},"content":{"rendered":"<h3><span style=\"color: #d61163;\">1. Propriet\u00e0 del Sito<\/span><\/h3>\n<p>Questo sito web \u00e8 di propriet\u00e0 della societ\u00e0  <span class=\"mil_bold\">MILOA SRL<\/span>, sede legale e indirizzo postale R\u00e9sidence Bois Madame 7 <span style=\"color: #d61163;\">|<\/span> 4130 ESNEUX <span style=\"color: #d61163;\">|<\/span> Belgio, iscritta alla Crossroads Bank for Enterprises con il numero 0833.813.483. Partita IVA intracomunitaria: BE0833.813.483.<\/p>\n<h3><span style=\"color: #d61163;\">2. Responsabile della pubblicazione<\/span><\/h3>\n<p>Il direttore della pubblicazione \u00e8: <span class=\"mil_bold\">Sig.ra Estelle LHO\u00cbST<\/span> in qualit\u00e0 di responsabile della societ\u00e0 <span class=\"mil_bold\">MILOA SRL<\/span>.<br \/>\nTelefono: +32 4 355 29 41 <span style=\"color: #d61163;\">|<\/span> Indirizzo e-mail: <a href=\"mailto:info@miloa.eu\"> info@miloa.eu<\/a><\/p>\n<h3><span style=\"color: #d61163;\">3. Hosting del sito<\/span><\/h3>\n<p>Il sito \u00e8 ospitato dalla societ\u00e0 OVH <span style=\"color: #d61163;\">|<\/span> SAS con capitale di 10.174.560 euro <span style=\"color: #d61163;\">|<\/span> Iscritto all&#8217;RCS di Lille M\u00e9tropole 424 761 419 00045 <span style=\"color: #d61163;\">|<\/span> Sede legale: 2 rue Kellermann &#8211; 59100 ROUBAIX &#8211; Francia<\/p>\n<h3><span style=\"color: #d61163;\">4. Propriet\u00e0 intellettuale<\/span><\/h3>\n<p>La riproduzione o la rappresentazione, in tutto o in parte, dei marchi, dei testi, delle illustrazioni, della grafica, dei loghi, delle pagine, dei dati e di qualsiasi altro componente del sito con qualsiasi processo o supporto, \u00e8 vietata e costituisce una contraffazione senza l&#8217;autorizzazione dell&#8217;editore.<\/p>\n<h3><span style=\"color: #d61163;\">5. Protezione dei dati<\/span><\/h3>\n<p><span class=\"mil_bold\">MILOA SRL<\/span> \u00e8 il titolare del trattamento dei dati raccolti sul sito web MILOA. I vostri dati personali sono dati riservati ai quali prestiamo particolare attenzione.<\/p>\n<p>Per dati personali si intendono tutte le informazioni personali che possono essere utilizzate per identificarvi, in particolare: cognome, nome, indirizzo e-mail, numero di telefono, lingua utilizzata, indirizzo IP, tipo di browser, prodotti visualizzati.<\/p>\n<p>Possiamo raccogliere automaticamente alcune informazioni durante la navigazione dell&#8217;utente sul sito web. Possiamo anche raccogliere informazioni che includono dati personali nelle seguenti circostanze:<\/p>\n<ul style=\"color: #d61163;\">\n<li style=\"text-align: left;\"><span style=\"color: #5f6062;\">Quando l&#8217;utente ci contatta&#8239;;<\/span><\/li>\n<li style=\"text-align: left;\"><span style=\"color: #5f6062;\">Quando interagisce con noi sui social media&#8239;;<\/span><\/li>\n<li style=\"text-align: left;\"><span style=\"color: #5f6062;\">Quando conduciamo campagne di comunicazione.<\/span><\/li>\n<\/ul>\n<p>Tali informazioni sono destinate esclusivamente a scopi interni. In ogni caso, potete rifiutarvi di fornire i vostri dati personali, nel qual caso non sarete in grado di contattarci o richiedere informazioni. I vostri dati personali non vengono mai condivisi con terzi o rivenduti.<\/p>\n<p>Possono essere comunicati in applicazione di una legge, di un regolamento, di una decisione di un&#8217;autorit\u00e0 di regolamentazione o giudiziaria, e se necessario al fine di preservare i diritti e gli interessi di MILOA.<\/p>\n<p>I vostri dati personali sono conservati in un database nominativo gestito internamente. Sono conservati da MILOA per un periodo di tempo limitato, che non supera il tempo necessario per le finalit\u00e0 per le quali sono stati raccolti.<\/p>\n<h3><span style=\"color: #d61163;\">6. Finalit\u00e0 del trattamento<\/span><\/h3>\n<p>I vostri dati personali possono essere raccolti da MILOA per finalit\u00e0 esplicite, legittime e specifiche al fine di garantire:<\/p>\n<ul style=\"color: #d61163;\">\n<li style=\"text-align: left;\"><span style=\"color: #5f6062;\">Il corretto funzionamento e il miglioramento continuo del SITO WEB, dei suoi servizi e funzionalit\u00e0&#8239;;<\/span><\/li>\n<li style=\"text-align: left;\"><span style=\"color: #5f6062;\">La gestione dei vostri ordini&#8239;;<\/span><\/li>\n<li style=\"text-align: left;\"><span style=\"color: #5f6062;\">La gestione delle richieste di diritto di accesso, rettifica e opposizione, cancellazione, limitazione, portabilit\u00e0, diritto alla morte digitale e diritto di presentare un reclamo alla CNIL&#8239;;<\/span><\/li>\n<li style=\"text-align: left;\"><span style=\"color: #5f6062;\">Compilazione di statistiche commerciali.<\/span><\/li>\n<\/ul>\n<p>In ogni caso, e per ogni finalit\u00e0 definita, MILOA utilizzer\u00e0 tutti i mezzi in suo possesso per garantire la sicurezza e la riservatezza dei dati personali a lui affidati, nel rispetto delle leggi e dei regolamenti vigenti.<\/p>\n<h3><span style=\"color: #d61163;\">7. I tuoi diritti<\/span><\/h3>\n<p>Ai sensi della legge sulla protezione dei dati e del regolamento europeo sulla protezione dei dati (GDPR) e della legge n. 2018-133 del 26 febbraio 2018 &#8220;contenente varie disposizioni per l&#8217;adeguamento al diritto dell&#8217;Unione europea in materia di sicurezza&#8221;.<\/p>\n<p>L&#8217;utente ha i seguenti diritti:<\/p>\n<ul style=\"color: #d61163;\">\n<li style=\"text-align: left;\"><span style=\"color: #5f6062;\">Diritto di accesso (art. 15 GDPR), rettifica (art. 16 GDPR), aggiornamento, completezza dei Suoi dati&#8239;;<\/span><\/li>\n<li style=\"text-align: left;\"><span style=\"color: #5f6062;\">Il diritto di bloccare o cancellare i propri dati personali (articolo 17 del GDPR), se inesatti, incompleti, ambigui, obsoleti, o se la raccolta, l&#8217;uso, la divulgazione o la conservazione sono vietati&#8239;;<\/span><\/li>\n<li style=\"text-align: left;\"><span style=\"color: #5f6062;\">Diritto di revocare il consenso in qualsiasi momento (articolo 13-2c GDPR)&#8239;;<\/span><\/li>\n<li style=\"text-align: left;\"><span style=\"color: #5f6062;\">Diritto di limitazione del trattamento dei dati (articolo 18 GDPR)&#8239;;<\/span><\/li>\n<li style=\"text-align: left;\"><span style=\"color: #5f6062;\">Diritto di opposizione al trattamento dei propri dati (art. 21 GDPR)&#8239;;<\/span><\/li>\n<li style=\"text-align: left;\"><span style=\"color: #5f6062;\">Diritto alla portabilit\u00e0 dei dati che forniti, quando i dati sono soggetti a un trattamento automatizzato basato sul consenso o su un contratto (articolo 20 GDPR)&#8239;;<\/span><\/li>\n<li style=\"text-align: left;\"><span style=\"color: #5f6062;\">Diritto di proporre reclamo alla CNIL della Commission nationale de l&#8217;informatique et des libert\u00e9s (CNIL), l&#8217;autorit\u00e0 di controllo incaricata del rispetto degli obblighi in materia di protezione dei dati personali (articolo 77 del GDPR).<\/span><\/li>\n<\/ul>\n<p>Potete esercitare tali diritti in qualsiasi momento mediante semplice richiesta, via e-mail al seguente indirizzo <a href=\"mailto:info@miloa.eu\"> info@miloa.eu<\/a> o per posta all&#8217;indirizzo <span class=\"mil_bold\">MILOA SRL<\/span> <span style=\"color: #d61163;\">|<\/span> Residence Bois Madame 7 <span style=\"color: #d61163;\">|<\/span> 4130 ESNEUX <span style=\"color: #d61163;\">|<\/span> Belgio, indicando i propri dati di contatto (cognome, nome, indirizzo e copia di un documento d&#8217;identit\u00e0 firmato) e un motivo legittimo quando ci\u00f2 sia richiesto dalla legge (in particolare in caso di opposizione al trattamento).<\/p>\n<p>In qualit\u00e0 di responsabile dei dati che pu\u00f2 raccogliere, MILOA si impegna a rispettare le disposizioni legali in vigore. Si impegna a adottare misure ragionevoli per garantire l&#8217;accuratezza e la pertinenza dei Dati Personali in relazione alle finalit\u00e0 per le quali li sta trattando.<\/p>\n<p>MILOA si impegna ad attuare tutte le misure tecniche e organizzative per garantire la sicurezza del trattamento dei dati personali e la riservatezza dei dati, in conformit\u00e0 con la legge sulla protezione di essi, il regolamento europeo sulla protezione dei dati (GDPR) e la legge n. 2018-133 del 26 febbraio 2018 &#8220;contenente varie disposizioni per l&#8217;adeguamento al diritto dell&#8217;Unione europea in materia di sicurezza&#8221;.<\/p>\n<p>Pertanto, utilizziamo tecnologie di protezione e adottiamo le precauzioni necessarie per quanto riguarda la natura dei vostri dati e i rischi presentati dal nostro trattamento per preservare la sicurezza dei dati.<\/p>\n<h3><span style=\"color: #d61163;\">8. Cookie<\/span><\/h3>\n<p>Si informa l&#8217;utente che durante la navigazione sul sito, potrebbero essere installati dei cookie sul software del browser. I cookie sono un blocco di dati che non consente di identificare gli utenti, ma viene utilizzato solo per registrare informazioni relative alla navigazione sul sito web. I cookie sono gestiti dal vostro browser Internet.<\/p>\n<p>Il loro scopo \u00e8 quello di:<\/p>\n<ul style=\"color: #d61163;\">\n<li style=\"text-align: left;\"><span style=\"color: #5f6062;\">migliorare il funzionamento del sito&#8239;;<\/span><\/li>\n<li style=\"text-align: left;\"><span style=\"color: #5f6062;\">rendere possibile la valutazione dell&#8217;audience del sito.<\/span><\/li>\n<\/ul>\n<p>L&#8217;utente ha la possibilit\u00e0 di disabilitare l&#8217;uso di questi cookie in qualsiasi momento. Il browser pu\u00f2 essere impostato in modo da avvisarvi dei cookie che vengono impostati e chiedervi di accettarli o meno.<\/p>\n<p>Pertanto, l&#8217;utente ha la possibilit\u00e0 di accettare o rifiutare i cookie, caso per caso, o di rifiutarli definitivamente secondo le modalit\u00e0 descritte al seguente indirizzo <a href=\"https:\/\/www.cnil.fr\/fr\" rel=\"noopener noreferrer\" target=\"_blank\">www.cnil.fr<\/a>.<\/p>\n<h3><span style=\"color: #d61163;\">9. Collegamenti ipertestuali<\/span><\/h3>\n<p>Il Sito pu\u00f2 contenere collegamenti ipertestuali ad altri siti web appartenenti o gestiti da terzi, sui quali la societ\u00e0 non ha alcun controllo, per i quali non pu\u00f2 assumere alcuna responsabilit\u00e0.<\/p>\n<p>Qualsiasi creazione di collegamenti ipertestuali al nostro sito \u00e8 vietata senza il previo consenso scritto della societ\u00e0.<\/p>\n<h3><span style=\"color: #d61163;\">10. Legge applicabile e foro competente<\/span><\/h3>\n<p>Qualsiasi controversia relativa all&#8217;utilizzo del sito web MILOA \u00e8 soggetta al diritto belga. Salvo i casi in cui la legge non lo consenta, la competenza \u00e8 attribuita esclusivamente ai tribunali competenti di Liegi.<\/p>\n","protected":false},"excerpt":{"rendered":"<p>1. Propriet\u00e0 del Sito Questo sito web \u00e8 di propriet\u00e0 della societ\u00e0 MILOA SRL, sede legale e indirizzo postale R\u00e9sidence Bois Madame 7 | 4130 ESNEUX | Belgio, iscritta alla Crossroads Bank for Enterprises con il numero 0833.813.483. Partita IVA intracomunitaria: BE0833.813.483. 2. Responsabile della pubblicazione Il direttore della pubblicazione \u00e8: Sig.ra Estelle LHO\u00cbST in&hellip;<\/p>\n","protected":false},"author":3,"featured_media":0,"parent":0,"menu_order":0,"comment_status":"closed","ping_status":"closed","template":"","meta":{"_acf_changed":false,"_relevanssi_hide_post":"","_relevanssi_pin_for_all":"","_relevanssi_pin_keywords":"","_relevanssi_unpin_keywords":"","_relevanssi_related_keywords":"","_relevanssi_related_include_ids":"","_relevanssi_related_exclude_ids":"","_relevanssi_related_no_append":"","_relevanssi_related_not_related":"","_relevanssi_related_posts":"","_relevanssi_noindex_reason":"","footnotes":""},"class_list":["post-25911","page","type-page","status-publish","hentry"],"acf":[],"_links":{"self":[{"href":"https:\/\/miloa.eu\/it\/wp-json\/wp\/v2\/pages\/25911","targetHints":{"allow":["GET"]}}],"collection":[{"href":"https:\/\/miloa.eu\/it\/wp-json\/wp\/v2\/pages"}],"about":[{"href":"https:\/\/miloa.eu\/it\/wp-json\/wp\/v2\/types\/page"}],"author":[{"embeddable":true,"href":"https:\/\/miloa.eu\/it\/wp-json\/wp\/v2\/users\/3"}],"replies":[{"embeddable":true,"href":"https:\/\/miloa.eu\/it\/wp-json\/wp\/v2\/comments?post=25911"}],"version-history":[{"count":0,"href":"https:\/\/miloa.eu\/it\/wp-json\/wp\/v2\/pages\/25911\/revisions"}],"wp:attachment":[{"href":"https:\/\/miloa.eu\/it\/wp-json\/wp\/v2\/media?parent=25911"}],"curies":[{"name":"wp","href":"https:\/\/api.w.org\/{rel}","templated":true}]}}