{"id":5237,"date":"2017-06-14T16:56:00","date_gmt":"2017-06-14T14:56:00","guid":{"rendered":"http:\/\/tyr\/miloamerge\/essentiele-olien\/"},"modified":"2024-09-19T16:27:22","modified_gmt":"2024-09-19T14:27:22","slug":"essentiele-olien","status":"publish","type":"page","link":"https:\/\/miloa.eu\/nl\/essentiele-olien\/","title":{"rendered":"<span class=\"essentiele-olien\">Essenti\u00eble oli\u00ebn<\/span>"},"content":{"rendered":"<p>Miloa biedt u evenwichtige synergi\u00ebn van essenti\u00eble oli\u00ebn aan die veilig in gebruik en geschikt voor dieren zijn. Deze synergi\u00ebn zijn niet vet en maken geen vlekken, met uitzondering van Flex Miloa<sup>TM<\/sup> die zachte amandelolie bevat.<\/p>\n<h3>Voorzorgsmaatregelen voor het gebruik van essenti\u00eble oli\u00ebn:<\/h3>\n<ul style=\"color: #d61163;\">\n<li style=\"text-align: justify;\"><span style=\"color: #5f6062;\">Op afstand houden van vlammen en warmtebronnen. Ze zijn ontvlambaar&#8239;;<\/span><\/li>\n<li style=\"text-align: justify;\"><span style=\"color: #5f6062;\">Ze mogen nooit in de ogen worden verstoven&#8239;;<\/span><\/li>\n<li style=\"text-align: justify;\"><span style=\"color: #5f6062;\">Ze moeten uit de buurt worden gehouden van zwangere vrouwen of kinderen jonger dan 5 jaar&#8239;;<\/span><\/li>\n<li style=\"text-align: justify;\"><span style=\"color: #5f6062;\">Ze mogen niet worden gebruikt bij pati\u00ebnten die lijden aan astma of aan een lever- of nieraandoening.<\/span><\/li>\n<\/ul>\n","protected":false},"excerpt":{"rendered":"<p>Miloa biedt u evenwichtige synergi\u00ebn van essenti\u00eble oli\u00ebn aan die veilig in gebruik en geschikt voor dieren zijn. Deze synergi\u00ebn zijn niet vet en maken geen vlekken, met uitzondering van Flex MiloaTM die zachte amandelolie bevat. Voorzorgsmaatregelen voor het gebruik van essenti\u00eble oli\u00ebn: Op afstand houden van vlammen en warmtebronnen. Ze zijn ontvlambaar&#8239;; Ze mogen&hellip;<\/p>\n","protected":false},"author":1,"featured_media":0,"parent":0,"menu_order":0,"comment_status":"closed","ping_status":"closed","template":"page-product-essential-oils.php","meta":{"_acf_changed":false,"_relevanssi_hide_post":"","_relevanssi_pin_for_all":"","_relevanssi_pin_keywords":"","_relevanssi_unpin_keywords":"","_relevanssi_related_keywords":"","_relevanssi_related_include_ids":"","_relevanssi_related_exclude_ids":"","_relevanssi_related_no_append":"","_relevanssi_related_not_related":"","_relevanssi_related_posts":"","_relevanssi_noindex_reason":"","footnotes":""},"class_list":["post-5237","page","type-page","status-publish","hentry"],"acf":[],"_links":{"self":[{"href":"https:\/\/miloa.eu\/nl\/wp-json\/wp\/v2\/pages\/5237","targetHints":{"allow":["GET"]}}],"collection":[{"href":"https:\/\/miloa.eu\/nl\/wp-json\/wp\/v2\/pages"}],"about":[{"href":"https:\/\/miloa.eu\/nl\/wp-json\/wp\/v2\/types\/page"}],"author":[{"embeddable":true,"href":"https:\/\/miloa.eu\/nl\/wp-json\/wp\/v2\/users\/1"}],"replies":[{"embeddable":true,"href":"https:\/\/miloa.eu\/nl\/wp-json\/wp\/v2\/comments?post=5237"}],"version-history":[{"count":0,"href":"https:\/\/miloa.eu\/nl\/wp-json\/wp\/v2\/pages\/5237\/revisions"}],"wp:attachment":[{"href":"https:\/\/miloa.eu\/nl\/wp-json\/wp\/v2\/media?parent=5237"}],"curies":[{"name":"wp","href":"https:\/\/api.w.org\/{rel}","templated":true}]}}